{"id":3827,"date":"2021-11-12T15:17:54","date_gmt":"2021-11-12T15:17:54","guid":{"rendered":"https:\/\/segurosgandia.es\/?page_id=3827"},"modified":"2025-09-18T19:01:24","modified_gmt":"2025-09-18T18:01:24","slug":"sobre-nosotros","status":"publish","type":"page","link":"https:\/\/segurosgandia.es\/en\/sobre-nosotros\/","title":{"rendered":"Sobre nosotros"},"content":{"rendered":"<p><div class=\"fusion-fullwidth fullwidth-box fusion-builder-row-1 fusion-flex-container nonhundred-percent-fullwidth non-hundred-percent-height-scrolling fusion-animated\" style=\"--awb-border-radius-top-left:0px;--awb-border-radius-top-right:0px;--awb-border-radius-bottom-right:0px;--awb-border-radius-bottom-left:0px;--awb-margin-bottom:120px;--awb-margin-bottom-medium:80px;--awb-margin-bottom-small:60px;\" data-animationType=\"fadeInUp\" data-animationDuration=\"1.3\" data-animationOffset=\"top-into-view\" ><div class=\"fusion-builder-row fusion-row fusion-flex-align-items-center\" style=\"max-width:1216.8px;margin-left: calc(-4% \/ 2 );margin-right: calc(-4% \/ 2 );\"><div class=\"fusion-layout-column fusion_builder_column fusion-builder-column-0 fusion-flex-column\" style=\"--awb-bg-blend:overlay;--awb-bg-size:cover;--awb-width-large:40%;--awb-margin-top-large:0px;--awb-spacing-right-large:3.84%;--awb-margin-bottom-large:0px;--awb-spacing-left-large:4.8%;--awb-width-medium:40%;--awb-spacing-right-medium:3.84%;--awb-spacing-left-medium:4.8%;--awb-width-small:100%;--awb-spacing-right-small:1.92%;--awb-margin-bottom-small:15px;--awb-spacing-left-small:1.92%;\"><div class=\"fusion-column-wrapper fusion-flex-justify-content-flex-start fusion-content-layout-column\"><div class=\"fusion-text fusion-text-1\" style=\"--awb-font-size:var(--awb-typography2-font-size);--awb-line-height:var(--awb-typography2-line-height);--awb-letter-spacing:var(--awb-typography2-letter-spacing);--awb-text-transform:var(--awb-typography2-text-transform);--awb-text-color:var(--awb-color4);--awb-text-font-family:var(--awb-typography2-font-family);--awb-text-font-weight:var(--awb-typography2-font-weight);--awb-text-font-style:var(--awb-typography2-font-style);\"><p style=\"letter-spacing: 3px;\">fiel a nuestros clientes<\/p>\n<\/div><div class=\"fusion-title title fusion-title-1 fusion-title-text fusion-title-size-two\" style=\"--awb-margin-bottom:0px;--awb-font-size:37px;\"><div class=\"title-sep-container title-sep-container-left fusion-no-large-visibility fusion-no-medium-visibility fusion-no-small-visibility\"><div class=\"title-sep sep- sep-solid\" style=\"border-color:var(--awb-color3);\"><\/div><\/div><span class=\"awb-title-spacer fusion-no-large-visibility fusion-no-medium-visibility fusion-no-small-visibility\"><\/span><h2 class=\"title-heading-left fusion-responsive-typography-calculated\" style=\"margin:0;font-size:1em;text-transform:none;--fontSize:37;line-height:1.35;\">Representamos el movimiento hacia adelante y el esfuerzo por hacerlo mejor.<\/h2><span class=\"awb-title-spacer\"><\/span><div class=\"title-sep-container title-sep-container-right\"><div class=\"title-sep sep- sep-solid\" style=\"border-color:var(--awb-color3);\"><\/div><\/div><\/div><\/div><\/div><div class=\"fusion-layout-column fusion_builder_column fusion-builder-column-1 fusion-flex-column\" style=\"--awb-bg-blend:overlay;--awb-bg-size:cover;--awb-width-large:60%;--awb-margin-top-large:0px;--awb-spacing-right-large:3.2%;--awb-margin-bottom-large:0px;--awb-spacing-left-large:6.4%;--awb-width-medium:60%;--awb-spacing-right-medium:3.2%;--awb-spacing-left-medium:6.4%;--awb-width-small:100%;--awb-spacing-right-small:1.92%;--awb-spacing-left-small:1.92%;\"><div class=\"fusion-column-wrapper fusion-flex-justify-content-flex-start fusion-content-layout-column\"><div class=\"fusion-text fusion-text-2 fusion-text-no-margin\" style=\"--awb-text-color:var(--awb-color7);\"><p><span>Nos sentimos diferentes acerca de lo que hacemos y c\u00f3mo lo hacemos. La visi\u00f3n es convertirse en el n\u00famero uno de consumidores en la elecci\u00f3n y destino para seguros de autom\u00f3viles y otros, requiere un enfoque con visi\u00f3n de futuro para todo lo que hacemos.<\/span><\/p>\n<\/div><\/div><\/div><\/div><\/div><div class=\"fusion-fullwidth fullwidth-box fusion-builder-row-2 fusion-flex-container nonhundred-percent-fullwidth non-hundred-percent-height-scrolling\" style=\"--awb-border-radius-top-left:0px;--awb-border-radius-top-right:0px;--awb-border-radius-bottom-right:0px;--awb-border-radius-bottom-left:0px;--awb-padding-top:120px;--awb-padding-bottom:120px;--awb-padding-top-medium:80px;--awb-padding-bottom-medium:80px;--awb-margin-bottom:0px;--awb-margin-bottom-medium:80px;--awb-margin-bottom-small:0px;--awb-background-color:var(--awb-color4);\" ><div class=\"fusion-builder-row fusion-row fusion-flex-align-items-stretch\" style=\"max-width:calc( 1170px + 30px );margin-left: calc(-30px \/ 2 );margin-right: calc(-30px \/ 2 );\"><div class=\"fusion-layout-column fusion_builder_column fusion-builder-column-2 fusion_builder_column_1_1 1_1 fusion-flex-column\" style=\"--awb-bg-size:cover;--awb-width-large:100%;--awb-margin-top-large:0px;--awb-spacing-right-large:15px;--awb-margin-bottom-large:20px;--awb-spacing-left-large:15px;--awb-width-medium:100%;--awb-order-medium:0;--awb-spacing-right-medium:15px;--awb-spacing-left-medium:15px;--awb-width-small:100%;--awb-order-small:0;--awb-spacing-right-small:15px;--awb-spacing-left-small:15px;\"><div class=\"fusion-column-wrapper fusion-column-has-shadow fusion-flex-justify-content-flex-start fusion-content-layout-column\"><div class=\"fusion-text fusion-text-3\"><p><strong>VALORES FUNDAMENTALES<\/strong><\/p>\n<\/div><div class=\"fusion-separator\" style=\"align-self: flex-start;margin-right:auto;margin-top:-11px;width:100%;max-width:31px;\"><div class=\"fusion-separator-border sep-single sep-solid\" style=\"--awb-height:20px;--awb-amount:20px;--awb-sep-color:var(--awb-color8);border-color:var(--awb-color8);border-top-width:1px;\"><\/div><\/div><div class=\"fusion-text fusion-text-4\"><p>Nuestros valores fundamentales gu\u00edan cada decisi\u00f3n que tomamos.<\/p>\n<p>Estos cinco valores rigen la forma en que hacemos negocios y c\u00f3mo tratamos a nuestros clientes.<\/p>\n<\/div><\/div><\/div><div class=\"fusion-layout-column fusion_builder_column fusion-builder-column-3 fusion_builder_column_1_1 1_1 fusion-flex-column\" style=\"--awb-bg-size:cover;--awb-width-large:100%;--awb-margin-top-large:0px;--awb-spacing-right-large:15px;--awb-margin-bottom-large:20px;--awb-spacing-left-large:15px;--awb-width-medium:100%;--awb-order-medium:0;--awb-spacing-right-medium:15px;--awb-spacing-left-medium:15px;--awb-width-small:100%;--awb-order-small:0;--awb-spacing-right-small:15px;--awb-spacing-left-small:15px;\"><div class=\"fusion-column-wrapper fusion-column-has-shadow fusion-flex-justify-content-flex-start fusion-content-layout-column\"><div class=\"fusion-tabs fusion-tabs-1 clean nav-is-justified horizontal-tabs icon-position-top mobile-mode-accordion\" style=\"--awb-title-border-radius-top-left:0px;--awb-title-border-radius-top-right:0px;--awb-title-border-radius-bottom-right:0px;--awb-title-border-radius-bottom-left:0px;--awb-alignment:start;--awb-inactive-color:hsla(var(--awb-color8-h),var(--awb-color8-s),calc( var(--awb-color8-l) + 96% ),var(--awb-color8-a));--awb-background-color:var(--awb-color1);--awb-border-color:var(--awb-color3);--awb-active-border-color:var(--awb-color4);\"><div class=\"nav\"><ul class=\"nav-tabs nav-justified\" role=\"tablist\"><li class=\"active\" role=\"presentation\"><a class=\"tab-link\" data-toggle=\"tab\" role=\"tab\" aria-controls=\"tab-a831092b52b66f98b1c\" aria-selected=\"true\" id=\"fusion-tab-integridad\" href=\"#tab-a831092b52b66f98b1c\"><h4 class=\"fusion-tab-heading\"><i class=\"fontawesome-icon fa-user-shield fas\" aria-hidden=\"true\" style=\"font-size:81px; --icon-color:var(--awb-color4);--icon-active-color:var(--awb-color8);\"><\/i>Integridad<\/h4><\/a><\/li><li role=\"presentation\"><a class=\"tab-link\" data-toggle=\"tab\" role=\"tab\" aria-controls=\"tab-8ac4d07b1f8b3f5917d\" aria-selected=\"false\" tabindex=\"-1\" id=\"fusion-tab-regladeoro\" href=\"#tab-8ac4d07b1f8b3f5917d\"><h4 class=\"fusion-tab-heading\"><i class=\"fontawesome-icon fa-hands-helping fas\" aria-hidden=\"true\" style=\"font-size:81px; --icon-color:var(--awb-color4);--icon-active-color:var(--awb-color8);\"><\/i>Regla de Oro<\/h4><\/a><\/li><li role=\"presentation\"><a class=\"tab-link\" data-toggle=\"tab\" role=\"tab\" aria-controls=\"tab-feb097701bff1897835\" aria-selected=\"false\" tabindex=\"-1\" id=\"fusion-tab-excelencia\" href=\"#tab-feb097701bff1897835\"><h4 class=\"fusion-tab-heading\"><i class=\"fontawesome-icon fa-medal fas\" aria-hidden=\"true\" style=\"font-size:81px; --icon-color:var(--awb-color4);--icon-active-color:var(--awb-color8);\"><\/i>Excelencia<\/h4><\/a><\/li><li role=\"presentation\"><a class=\"tab-link\" data-toggle=\"tab\" role=\"tab\" aria-controls=\"tab-07eb4dcf953bc202c41\" aria-selected=\"false\" tabindex=\"-1\" id=\"fusion-tab-ganancia\" href=\"#tab-07eb4dcf953bc202c41\"><h4 class=\"fusion-tab-heading\"><i class=\"fontawesome-icon fa-piggy-bank fas\" aria-hidden=\"true\" style=\"font-size:81px; --icon-color:var(--awb-color4);--icon-active-color:var(--awb-color8);\"><\/i>Ganancia<\/h4><\/a><\/li><\/ul><\/div><div class=\"tab-content\"><div class=\"nav fusion-mobile-tab-nav\"><ul class=\"nav-tabs nav-justified\" role=\"tablist\"><li class=\"active\" role=\"presentation\"><a class=\"tab-link\" data-toggle=\"tab\" role=\"tab\" aria-controls=\"tab-a831092b52b66f98b1c\" aria-selected=\"true\" id=\"mobile-fusion-tab-integridad\" href=\"#tab-a831092b52b66f98b1c\"><h4 class=\"fusion-tab-heading\"><i class=\"fontawesome-icon fa-user-shield fas\" aria-hidden=\"true\" style=\"font-size:81px; --icon-color:var(--awb-color4);--icon-active-color:var(--awb-color8);\"><\/i>Integridad<\/h4><\/a><\/li><\/ul><\/div><div class=\"tab-pane fade fusion-clearfix in active\" role=\"tabpanel\" tabindex=\"0\" aria-labelledby=\"fusion-tab-integridad\" id=\"tab-a831092b52b66f98b1c\">\n<p>Reverenciamos la honestidad y nos adherimos a altos est\u00e1ndares \u00e9ticos para ganarnos la confianza de nuestros clientes.<\/p>\n<\/div><div class=\"nav fusion-mobile-tab-nav\"><ul class=\"nav-tabs nav-justified\" role=\"tablist\"><li role=\"presentation\"><a class=\"tab-link\" data-toggle=\"tab\" role=\"tab\" aria-controls=\"tab-8ac4d07b1f8b3f5917d\" aria-selected=\"false\" tabindex=\"-1\" id=\"mobile-fusion-tab-regladeoro\" href=\"#tab-8ac4d07b1f8b3f5917d\"><h4 class=\"fusion-tab-heading\"><i class=\"fontawesome-icon fa-hands-helping fas\" aria-hidden=\"true\" style=\"font-size:81px; --icon-color:var(--awb-color4);--icon-active-color:var(--awb-color8);\"><\/i>Regla de Oro<\/h4><\/a><\/li><\/ul><\/div><div class=\"tab-pane fade fusion-clearfix\" role=\"tabpanel\" tabindex=\"0\" aria-labelledby=\"fusion-tab-regladeoro\" id=\"tab-8ac4d07b1f8b3f5917d\">\n<p>Valoramos y respetamos nuestras diferencias, actuamos con amabilidad y cari\u00f1o, y tratamos a los clientes como ellos quieren ser tratados.<\/p>\n<\/div><div class=\"nav fusion-mobile-tab-nav\"><ul class=\"nav-tabs nav-justified\" role=\"tablist\"><li role=\"presentation\"><a class=\"tab-link\" data-toggle=\"tab\" role=\"tab\" aria-controls=\"tab-feb097701bff1897835\" aria-selected=\"false\" tabindex=\"-1\" id=\"mobile-fusion-tab-excelencia\" href=\"#tab-feb097701bff1897835\"><h4 class=\"fusion-tab-heading\"><i class=\"fontawesome-icon fa-medal fas\" aria-hidden=\"true\" style=\"font-size:81px; --icon-color:var(--awb-color4);--icon-active-color:var(--awb-color8);\"><\/i>Excelencia<\/h4><\/a><\/li><\/ul><\/div><div class=\"tab-pane fade fusion-clearfix\" role=\"tabpanel\" tabindex=\"0\" aria-labelledby=\"fusion-tab-excelencia\" id=\"tab-feb097701bff1897835\">\n<p>Nos esforzamos por cumplir o superar las expectativas de nuestros clientes mejorando continuamente y encontrando nuevas formas de satisfacer sus necesidades.<\/p>\n<\/div><div class=\"nav fusion-mobile-tab-nav\"><ul class=\"nav-tabs nav-justified\" role=\"tablist\"><li role=\"presentation\"><a class=\"tab-link\" data-toggle=\"tab\" role=\"tab\" aria-controls=\"tab-07eb4dcf953bc202c41\" aria-selected=\"false\" tabindex=\"-1\" id=\"mobile-fusion-tab-ganancia\" href=\"#tab-07eb4dcf953bc202c41\"><h4 class=\"fusion-tab-heading\"><i class=\"fontawesome-icon fa-piggy-bank fas\" aria-hidden=\"true\" style=\"font-size:81px; --icon-color:var(--awb-color4);--icon-active-color:var(--awb-color8);\"><\/i>Ganancia<\/h4><\/a><\/li><\/ul><\/div><div class=\"tab-pane fade fusion-clearfix\" role=\"tabpanel\" tabindex=\"0\" aria-labelledby=\"fusion-tab-ganancia\" id=\"tab-07eb4dcf953bc202c41\">\n<p>Tenemos la responsabilidad con nosotros mismos y nuestros clientes, de ser una empresa rentable y duradera al ofrecer productos y servicios de valor para los consumidores.<\/p>\n<\/div><\/div><\/div><\/div><\/div><\/div><\/div><div class=\"fusion-fullwidth fullwidth-box fusion-builder-row-3 fusion-flex-container fusion-parallax-none nonhundred-percent-fullwidth non-hundred-percent-height-scrolling lazyload fusion-animated\" style=\"--awb-background-position:center top;--awb-border-radius-top-left:0px;--awb-border-radius-top-right:0px;--awb-border-radius-bottom-right:0px;--awb-border-radius-bottom-left:0px;--awb-padding-top:160px;--awb-padding-bottom:160px;--awb-padding-top-medium:110px;--awb-padding-bottom-medium:110px;--awb-background-color:hsla(var(--awb-color8-h),var(--awb-color8-s),calc( var(--awb-color8-l) + 10% ),var(--awb-color8-a));--awb-background-image:linear-gradient(180deg, #000000 0%,rgba(0,0,0,0.5) 100%);;--awb-background-size:cover;\" data-bg=\"https:\/\/segurosgandia.es\/wp-content\/uploads\/2021\/11\/corporate-governance.png\" data-bg-gradient=\"linear-gradient(180deg, #000000 0%,rgba(0,0,0,0.5) 100%)\" data-animationType=\"fadeIn\" data-animationDuration=\"1.3\" data-animationOffset=\"top-into-view\" ><div class=\"fusion-builder-row fusion-row fusion-flex-align-items-flex-start\" style=\"max-width:calc( 1170px + 0px );margin-left: calc(-0px \/ 2 );margin-right: calc(-0px \/ 2 );\"><div class=\"fusion-layout-column fusion_builder_column fusion-builder-column-4 fusion_builder_column_1_1 1_1 fusion-flex-column fusion-animated\" style=\"--awb-padding-top:70px;--awb-padding-bottom:70px;--awb-bg-blend:overlay;--awb-bg-size:cover;--awb-border-color:var(--awb-color1);--awb-border-top:3px;--awb-border-right:3px;--awb-border-bottom:3px;--awb-border-left:3px;--awb-border-style:solid;--awb-width-large:100%;--awb-margin-top-large:0px;--awb-spacing-right-large:0px;--awb-margin-bottom-large:0px;--awb-spacing-left-large:0px;--awb-width-medium:100%;--awb-spacing-right-medium:0px;--awb-spacing-left-medium:0px;--awb-width-small:100%;--awb-spacing-right-small:0px;--awb-spacing-left-small:0px;\" data-animationType=\"fadeInUp\" data-animationDuration=\"0.8\" data-animationOffset=\"top-into-view\"><div class=\"fusion-column-wrapper fusion-flex-justify-content-flex-start fusion-content-layout-column\"><div class=\"fusion-separator fusion-full-width-sep\" style=\"align-self: center;margin-left: auto;margin-right: auto;margin-top:10px;width:100%;\"><\/div><div class=\"fusion-title title fusion-title-2 fusion-title-center fusion-title-text fusion-title-size-two\" style=\"--awb-text-color:var(--awb-color1);--awb-margin-bottom:20px;--awb-font-size:50px;\"><div class=\"title-sep-container title-sep-container-left\"><div class=\"title-sep sep- sep-solid\" style=\"border-color:var(--awb-color3);\"><\/div><\/div><span class=\"awb-title-spacer\"><\/span><h2 class=\"title-heading-center fusion-responsive-typography-calculated\" style=\"margin:0;font-size:1em;text-transform:none;--fontSize:50;line-height:var(--awb-typography1-line-height);\">&#8220;En Seguros Gandia las personas y nuestros valores son colectivamente nuestra fuente m\u00e1s competitiva&#8221;<\/h2><span class=\"awb-title-spacer\"><\/span><div class=\"title-sep-container title-sep-container-right\"><div class=\"title-sep sep- sep-solid\" style=\"border-color:var(--awb-color3);\"><\/div><\/div><\/div><div class=\"fusion-text fusion-text-5 fusion-text-no-margin\" style=\"--awb-content-alignment:center;--awb-font-size:22px;--awb-text-color:var(--awb-color1);--awb-margin-bottom:40px;\"><\/div><div style=\"text-align:center;\"><a class=\"fusion-button button-flat fusion-button-default-size button-default fusion-button-default button-1 fusion-button-default-span fusion-button-default-type\" target=\"_self\"><span class=\"fusion-button-text\">Contactar  <\/span><\/a><\/div><div class=\"fusion-separator fusion-full-width-sep\" style=\"align-self: center;margin-left: auto;margin-right: auto;margin-top:16px;width:100%;\"><\/div><\/div><\/div><\/div><\/div><\/p>\n","protected":false},"excerpt":{"rendered":"","protected":false},"author":1,"featured_media":0,"parent":0,"menu_order":0,"comment_status":"closed","ping_status":"closed","template":"100-width.php","meta":{"footnotes":""},"class_list":["post-3827","page","type-page","status-publish","hentry"],"yoast_head":"<!-- This site is optimized with the Yoast SEO plugin v20.12 - https:\/\/yoast.com\/wordpress\/plugins\/seo\/ -->\n<title>Sobre nosotros - Seguros Gandia<\/title>\n<meta name=\"robots\" content=\"index, follow, max-snippet:-1, max-image-preview:large, max-video-preview:-1\" \/>\n<link rel=\"canonical\" href=\"https:\/\/segurosgandia.es\/sobre-nosotros\/\" \/>\n<meta property=\"og:locale\" content=\"en_US\" \/>\n<meta property=\"og:locale:alternate\" content=\"es_ES\" \/>\n<meta property=\"og:locale:alternate\" content=\"Espa\u00f1ol\" \/>\n<meta property=\"og:type\" content=\"article\" \/>\n<meta property=\"og:title\" content=\"Sobre nosotros\" \/>\n<meta property=\"og:url\" content=\"https:\/\/segurosgandia.es\/en\/sobre-nosotros\/\" \/>\n<meta property=\"og:site_name\" content=\"Seguros Gandia\" \/>\n<meta property=\"article:publisher\" content=\"https:\/\/www.facebook.com\/segurosgandia\" \/>\n<meta property=\"article:modified_time\" content=\"2025-09-18T18:01:24+00:00\" \/>\n<meta name=\"twitter:card\" content=\"summary_large_image\" \/>\n<meta name=\"twitter:label1\" content=\"Est. reading time\" \/>\n\t<meta name=\"twitter:data1\" content=\"8 minutes\" \/>\n<script type=\"application\/ld+json\" class=\"yoast-schema-graph\">{\"@context\":\"https:\/\/schema.org\",\"@graph\":[{\"@type\":\"WebPage\",\"@id\":\"https:\/\/segurosgandia.es\/sobre-nosotros\/\",\"url\":\"https:\/\/segurosgandia.es\/sobre-nosotros\/\",\"name\":\"Sobre nosotros\",\"isPartOf\":{\"@id\":\"https:\/\/segurosgandia.es\/#website\"},\"datePublished\":\"2021-11-12T15:17:54+00:00\",\"dateModified\":\"2025-09-18T18:01:24+00:00\",\"breadcrumb\":{\"@id\":\"https:\/\/segurosgandia.es\/sobre-nosotros\/#breadcrumb\"},\"inLanguage\":\"en-US\",\"potentialAction\":[{\"@type\":\"ReadAction\",\"target\":[\"https:\/\/segurosgandia.es\/sobre-nosotros\/\"]}]},{\"@type\":\"BreadcrumbList\",\"@id\":\"https:\/\/segurosgandia.es\/sobre-nosotros\/#breadcrumb\",\"itemListElement\":[{\"@type\":\"ListItem\",\"position\":1,\"name\":\"Portada\",\"item\":\"https:\/\/segurosgandia.es\/\"},{\"@type\":\"ListItem\",\"position\":2,\"name\":\"Sobre nosotros\"}]},{\"@type\":\"WebSite\",\"@id\":\"https:\/\/segurosgandia.es\/#website\",\"url\":\"https:\/\/segurosgandia.es\/\",\"name\":\"Seguros Gandia\",\"description\":\"Corresponsal de seguros dedicado a la oferta de p\u00f3lizas\",\"publisher\":{\"@id\":\"https:\/\/segurosgandia.es\/#organization\"},\"potentialAction\":[{\"@type\":\"SearchAction\",\"target\":{\"@type\":\"EntryPoint\",\"urlTemplate\":\"https:\/\/segurosgandia.es\/?s={search_term_string}\"},\"query-input\":\"required name=search_term_string\"}],\"inLanguage\":\"en-US\"},{\"@type\":\"Organization\",\"@id\":\"https:\/\/segurosgandia.es\/#organization\",\"name\":\"Seguros Gandia\",\"url\":\"https:\/\/segurosgandia.es\/\",\"logo\":{\"@type\":\"ImageObject\",\"inLanguage\":\"en-US\",\"@id\":\"https:\/\/segurosgandia.es\/#\/schema\/logo\/image\/\",\"url\":\"https:\/\/segurosgandia.es\/wp-content\/uploads\/2023\/03\/seguroslogo_Mesa-de-trabajo-1.png\",\"contentUrl\":\"https:\/\/segurosgandia.es\/wp-content\/uploads\/2023\/03\/seguroslogo_Mesa-de-trabajo-1.png\",\"width\":625,\"height\":447,\"caption\":\"Seguros Gandia\"},\"image\":{\"@id\":\"https:\/\/segurosgandia.es\/#\/schema\/logo\/image\/\"},\"sameAs\":[\"https:\/\/www.facebook.com\/segurosgandia\",\"https:\/\/www.instagram.com\/jose.segurosgandia\/\"]}]}<\/script>\n<!-- \/ Yoast SEO plugin. -->","yoast_head_json":{"title":"Sobre nosotros - Seguros Gandia","robots":{"index":"index","follow":"follow","max-snippet":"max-snippet:-1","max-image-preview":"max-image-preview:large","max-video-preview":"max-video-preview:-1"},"canonical":"https:\/\/segurosgandia.es\/sobre-nosotros\/","og_locale":"en_US","og_type":"article","og_title":"[:es]Sobre nosotros[:] - Seguros Gandia","og_url":"https:\/\/segurosgandia.es\/en\/sobre-nosotros\/","og_site_name":"Seguros Gandia","article_publisher":"https:\/\/www.facebook.com\/segurosgandia","article_modified_time":"2025-09-18T18:01:24+00:00","twitter_card":"summary_large_image","twitter_misc":{"Est. reading time":"8 minutes"},"schema":{"@context":"https:\/\/schema.org","@graph":[{"@type":"WebPage","@id":"https:\/\/segurosgandia.es\/sobre-nosotros\/","url":"https:\/\/segurosgandia.es\/sobre-nosotros\/","name":"Sobre nosotros","isPartOf":{"@id":"https:\/\/segurosgandia.es\/#website"},"datePublished":"2021-11-12T15:17:54+00:00","dateModified":"2025-09-18T18:01:24+00:00","breadcrumb":{"@id":"https:\/\/segurosgandia.es\/sobre-nosotros\/#breadcrumb"},"inLanguage":"en-US","potentialAction":[{"@type":"ReadAction","target":["https:\/\/segurosgandia.es\/sobre-nosotros\/"]}]},{"@type":"BreadcrumbList","@id":"https:\/\/segurosgandia.es\/sobre-nosotros\/#breadcrumb","itemListElement":[{"@type":"ListItem","position":1,"name":"Portada","item":"https:\/\/segurosgandia.es\/"},{"@type":"ListItem","position":2,"name":"Sobre nosotros"}]},{"@type":"WebSite","@id":"https:\/\/segurosgandia.es\/#website","url":"https:\/\/segurosgandia.es\/","name":"Seguros Gandia","description":"Corresponsal de seguros dedicado a la oferta de p\u00f3lizas","publisher":{"@id":"https:\/\/segurosgandia.es\/#organization"},"potentialAction":[{"@type":"SearchAction","target":{"@type":"EntryPoint","urlTemplate":"https:\/\/segurosgandia.es\/?s={search_term_string}"},"query-input":"required name=search_term_string"}],"inLanguage":"en-US"},{"@type":"Organization","@id":"https:\/\/segurosgandia.es\/#organization","name":"Seguros Gandia","url":"https:\/\/segurosgandia.es\/","logo":{"@type":"ImageObject","inLanguage":"en-US","@id":"https:\/\/segurosgandia.es\/#\/schema\/logo\/image\/","url":"https:\/\/segurosgandia.es\/wp-content\/uploads\/2023\/03\/seguroslogo_Mesa-de-trabajo-1.png","contentUrl":"https:\/\/segurosgandia.es\/wp-content\/uploads\/2023\/03\/seguroslogo_Mesa-de-trabajo-1.png","width":625,"height":447,"caption":"Seguros Gandia"},"image":{"@id":"https:\/\/segurosgandia.es\/#\/schema\/logo\/image\/"},"sameAs":["https:\/\/www.facebook.com\/segurosgandia","https:\/\/www.instagram.com\/jose.segurosgandia\/"]}]}},"_links":{"self":[{"href":"https:\/\/segurosgandia.es\/en\/wp-json\/wp\/v2\/pages\/3827","targetHints":{"allow":["GET"]}}],"collection":[{"href":"https:\/\/segurosgandia.es\/en\/wp-json\/wp\/v2\/pages"}],"about":[{"href":"https:\/\/segurosgandia.es\/en\/wp-json\/wp\/v2\/types\/page"}],"author":[{"embeddable":true,"href":"https:\/\/segurosgandia.es\/en\/wp-json\/wp\/v2\/users\/1"}],"replies":[{"embeddable":true,"href":"https:\/\/segurosgandia.es\/en\/wp-json\/wp\/v2\/comments?post=3827"}],"version-history":[{"count":41,"href":"https:\/\/segurosgandia.es\/en\/wp-json\/wp\/v2\/pages\/3827\/revisions"}],"predecessor-version":[{"id":5658,"href":"https:\/\/segurosgandia.es\/en\/wp-json\/wp\/v2\/pages\/3827\/revisions\/5658"}],"wp:attachment":[{"href":"https:\/\/segurosgandia.es\/en\/wp-json\/wp\/v2\/media?parent=3827"}],"curies":[{"name":"wp","href":"https:\/\/api.w.org\/{rel}","templated":true}]}}